{"id":127,"date":"2025-09-03T10:42:48","date_gmt":"2025-09-03T08:42:48","guid":{"rendered":"https:\/\/andaluciaformacion.net\/?page_id=127"},"modified":"2025-09-04T09:21:41","modified_gmt":"2025-09-04T07:21:41","slug":"politica-de-cookies","status":"publish","type":"page","link":"https:\/\/andaluciaformacion.net\/?page_id=127","title":{"rendered":"Pol\u00edtica de Cookies"},"content":{"rendered":"\n\n","protected":false},"excerpt":{"rendered":"","protected":false},"author":2,"featured_media":0,"parent":0,"menu_order":0,"comment_status":"closed","ping_status":"closed","template":"kubio-full-width","meta":{"saved_in_kubio":true,"footnotes":""},"class_list":["post-127","page","type-page","status-publish","hentry"],"kubio_ai_page_context":{"short_desc":"","purpose":"general"},"yoast_head":"<!-- This site is optimized with the Yoast SEO plugin v27.2 - https:\/\/yoast.com\/product\/yoast-seo-wordpress\/ -->\n<title>Pol\u00edtica de Cookies - Andaluc\u00eda Formaci\u00f3n<\/title>\n<meta name=\"robots\" content=\"index, follow, max-snippet:-1, max-image-preview:large, max-video-preview:-1\" \/>\n<link rel=\"canonical\" href=\"https:\/\/andaluciaformacion.net\/?page_id=127\" \/>\n<meta property=\"og:locale\" content=\"es_ES\" \/>\n<meta property=\"og:type\" content=\"article\" \/>\n<meta property=\"og:title\" content=\"Pol\u00edtica de Cookies - Andaluc\u00eda Formaci\u00f3n\" \/>\n<meta property=\"og:url\" content=\"https:\/\/andaluciaformacion.net\/?page_id=127\" \/>\n<meta property=\"og:site_name\" content=\"Andaluc\u00eda Formaci\u00f3n\" \/>\n<meta property=\"article:publisher\" content=\"https:\/\/www.facebook.com\/people\/Andaluca-Formacin\/61556074687452\/\" \/>\n<meta property=\"article:modified_time\" content=\"2025-09-04T07:21:41+00:00\" \/>\n<meta name=\"twitter:card\" content=\"summary_large_image\" \/>\n<meta name=\"twitter:label1\" content=\"Tiempo de lectura\" \/>\n\t<meta name=\"twitter:data1\" content=\"3 minutos\" \/>\n<script type=\"application\/ld+json\" class=\"yoast-schema-graph\">{\"@context\":\"https:\/\/schema.org\",\"@graph\":[{\"@type\":\"WebPage\",\"@id\":\"https:\/\/andaluciaformacion.net\/?page_id=127\",\"url\":\"https:\/\/andaluciaformacion.net\/?page_id=127\",\"name\":\"Pol\u00edtica de Cookies - Andaluc\u00eda Formaci\u00f3n\",\"isPartOf\":{\"@id\":\"https:\/\/andaluciaformacion.net\/#website\"},\"datePublished\":\"2025-09-03T08:42:48+00:00\",\"dateModified\":\"2025-09-04T07:21:41+00:00\",\"breadcrumb\":{\"@id\":\"https:\/\/andaluciaformacion.net\/?page_id=127#breadcrumb\"},\"inLanguage\":\"es\",\"potentialAction\":[{\"@type\":\"ReadAction\",\"target\":[\"https:\/\/andaluciaformacion.net\/?page_id=127\"]}]},{\"@type\":\"BreadcrumbList\",\"@id\":\"https:\/\/andaluciaformacion.net\/?page_id=127#breadcrumb\",\"itemListElement\":[{\"@type\":\"ListItem\",\"position\":1,\"name\":\"Portada\",\"item\":\"https:\/\/andaluciaformacion.net\/\"},{\"@type\":\"ListItem\",\"position\":2,\"name\":\"Pol\u00edtica de Cookies\"}]},{\"@type\":\"WebSite\",\"@id\":\"https:\/\/andaluciaformacion.net\/#website\",\"url\":\"https:\/\/andaluciaformacion.net\/\",\"name\":\"Andaluc\u00eda Formaci\u00f3n\",\"description\":\"\",\"publisher\":{\"@id\":\"https:\/\/andaluciaformacion.net\/#organization\"},\"potentialAction\":[{\"@type\":\"SearchAction\",\"target\":{\"@type\":\"EntryPoint\",\"urlTemplate\":\"https:\/\/andaluciaformacion.net\/?s={search_term_string}\"},\"query-input\":{\"@type\":\"PropertyValueSpecification\",\"valueRequired\":true,\"valueName\":\"search_term_string\"}}],\"inLanguage\":\"es\"},{\"@type\":\"Organization\",\"@id\":\"https:\/\/andaluciaformacion.net\/#organization\",\"name\":\"Andaluc\u00eda Formaci\u00f3n\",\"url\":\"https:\/\/andaluciaformacion.net\/\",\"logo\":{\"@type\":\"ImageObject\",\"inLanguage\":\"es\",\"@id\":\"https:\/\/andaluciaformacion.net\/#\/schema\/logo\/image\/\",\"url\":\"https:\/\/andaluciaformacion.net\/wp-content\/uploads\/2025\/09\/29.png\",\"contentUrl\":\"https:\/\/andaluciaformacion.net\/wp-content\/uploads\/2025\/09\/29.png\",\"width\":880,\"height\":880,\"caption\":\"Andaluc\u00eda Formaci\u00f3n\"},\"image\":{\"@id\":\"https:\/\/andaluciaformacion.net\/#\/schema\/logo\/image\/\"},\"sameAs\":[\"https:\/\/www.facebook.com\/people\/Andaluca-Formacin\/61556074687452\/\",\"https:\/\/www.instagram.com\/andaluciaformacion\"]}]}<\/script>\n<!-- \/ Yoast SEO plugin. -->","yoast_head_json":{"title":"Pol\u00edtica de Cookies - Andaluc\u00eda Formaci\u00f3n","robots":{"index":"index","follow":"follow","max-snippet":"max-snippet:-1","max-image-preview":"max-image-preview:large","max-video-preview":"max-video-preview:-1"},"canonical":"https:\/\/andaluciaformacion.net\/?page_id=127","og_locale":"es_ES","og_type":"article","og_title":"Pol\u00edtica de Cookies - Andaluc\u00eda Formaci\u00f3n","og_url":"https:\/\/andaluciaformacion.net\/?page_id=127","og_site_name":"Andaluc\u00eda Formaci\u00f3n","article_publisher":"https:\/\/www.facebook.com\/people\/Andaluca-Formacin\/61556074687452\/","article_modified_time":"2025-09-04T07:21:41+00:00","twitter_card":"summary_large_image","twitter_misc":{"Tiempo de lectura":"3 minutos"},"schema":{"@context":"https:\/\/schema.org","@graph":[{"@type":"WebPage","@id":"https:\/\/andaluciaformacion.net\/?page_id=127","url":"https:\/\/andaluciaformacion.net\/?page_id=127","name":"Pol\u00edtica de Cookies - Andaluc\u00eda Formaci\u00f3n","isPartOf":{"@id":"https:\/\/andaluciaformacion.net\/#website"},"datePublished":"2025-09-03T08:42:48+00:00","dateModified":"2025-09-04T07:21:41+00:00","breadcrumb":{"@id":"https:\/\/andaluciaformacion.net\/?page_id=127#breadcrumb"},"inLanguage":"es","potentialAction":[{"@type":"ReadAction","target":["https:\/\/andaluciaformacion.net\/?page_id=127"]}]},{"@type":"BreadcrumbList","@id":"https:\/\/andaluciaformacion.net\/?page_id=127#breadcrumb","itemListElement":[{"@type":"ListItem","position":1,"name":"Portada","item":"https:\/\/andaluciaformacion.net\/"},{"@type":"ListItem","position":2,"name":"Pol\u00edtica de Cookies"}]},{"@type":"WebSite","@id":"https:\/\/andaluciaformacion.net\/#website","url":"https:\/\/andaluciaformacion.net\/","name":"Andaluc\u00eda Formaci\u00f3n","description":"","publisher":{"@id":"https:\/\/andaluciaformacion.net\/#organization"},"potentialAction":[{"@type":"SearchAction","target":{"@type":"EntryPoint","urlTemplate":"https:\/\/andaluciaformacion.net\/?s={search_term_string}"},"query-input":{"@type":"PropertyValueSpecification","valueRequired":true,"valueName":"search_term_string"}}],"inLanguage":"es"},{"@type":"Organization","@id":"https:\/\/andaluciaformacion.net\/#organization","name":"Andaluc\u00eda Formaci\u00f3n","url":"https:\/\/andaluciaformacion.net\/","logo":{"@type":"ImageObject","inLanguage":"es","@id":"https:\/\/andaluciaformacion.net\/#\/schema\/logo\/image\/","url":"https:\/\/andaluciaformacion.net\/wp-content\/uploads\/2025\/09\/29.png","contentUrl":"https:\/\/andaluciaformacion.net\/wp-content\/uploads\/2025\/09\/29.png","width":880,"height":880,"caption":"Andaluc\u00eda Formaci\u00f3n"},"image":{"@id":"https:\/\/andaluciaformacion.net\/#\/schema\/logo\/image\/"},"sameAs":["https:\/\/www.facebook.com\/people\/Andaluca-Formacin\/61556074687452\/","https:\/\/www.instagram.com\/andaluciaformacion"]}]}},"_links":{"self":[{"href":"https:\/\/andaluciaformacion.net\/index.php?rest_route=\/wp\/v2\/pages\/127","targetHints":{"allow":["GET"]}}],"collection":[{"href":"https:\/\/andaluciaformacion.net\/index.php?rest_route=\/wp\/v2\/pages"}],"about":[{"href":"https:\/\/andaluciaformacion.net\/index.php?rest_route=\/wp\/v2\/types\/page"}],"author":[{"embeddable":true,"href":"https:\/\/andaluciaformacion.net\/index.php?rest_route=\/wp\/v2\/users\/2"}],"replies":[{"embeddable":true,"href":"https:\/\/andaluciaformacion.net\/index.php?rest_route=%2Fwp%2Fv2%2Fcomments&post=127"}],"version-history":[{"count":3,"href":"https:\/\/andaluciaformacion.net\/index.php?rest_route=\/wp\/v2\/pages\/127\/revisions"}],"predecessor-version":[{"id":179,"href":"https:\/\/andaluciaformacion.net\/index.php?rest_route=\/wp\/v2\/pages\/127\/revisions\/179"}],"wp:attachment":[{"href":"https:\/\/andaluciaformacion.net\/index.php?rest_route=%2Fwp%2Fv2%2Fmedia&parent=127"}],"curies":[{"name":"wp","href":"https:\/\/api.w.org\/{rel}","templated":true}]}}